{"id":10,"date":"2022-05-23T08:45:21","date_gmt":"2022-05-23T06:45:21","guid":{"rendered":"https:\/\/konyx.fr\/?page_id=10"},"modified":"2025-09-23T10:39:51","modified_gmt":"2025-09-23T08:39:51","slug":"accueil","status":"publish","type":"page","link":"https:\/\/konyx.fr\/","title":{"rendered":"ACCUEIL"},"content":{"rendered":"\t\t<div data-elementor-type=\"wp-page\" data-elementor-id=\"10\" class=\"elementor elementor-10\">\n\t\t\t\t\t\t\t\t\t<section class=\"elementor-section elementor-top-section elementor-element elementor-element-bdcd544 elementor-section-height-min-height elementor-section-items-top elementor-section-content-top elementor-section-boxed elementor-section-height-default\" data-id=\"bdcd544\" data-element_type=\"section\">\n\t\t\t\t\t\t<div class=\"elementor-container elementor-column-gap-default\">\n\t\t\t\t\t<div class=\"elementor-column elementor-col-100 elementor-top-column elementor-element elementor-element-76a5053\" data-id=\"76a5053\" data-element_type=\"column\">\n\t\t\t<div class=\"elementor-widget-wrap elementor-element-populated\">\n\t\t\t\t\t\t\t\t<div class=\"elementor-element elementor-element-f755fbb elementor-invisible elementor-widget elementor-widget-text-editor\" data-id=\"f755fbb\" data-element_type=\"widget\" data-settings=\"{&quot;_animation&quot;:&quot;fadeInLeft&quot;}\" data-widget_type=\"text-editor.default\">\n\t\t\t\t<div class=\"elementor-widget-container\">\n\t\t\t<style>\/*! elementor - v3.6.5 - 27-04-2022 *\/\n.elementor-widget-text-editor.elementor-drop-cap-view-stacked .elementor-drop-cap{background-color:#818a91;color:#fff}.elementor-widget-text-editor.elementor-drop-cap-view-framed .elementor-drop-cap{color:#818a91;border:3px solid;background-color:transparent}.elementor-widget-text-editor:not(.elementor-drop-cap-view-default) .elementor-drop-cap{margin-top:8px}.elementor-widget-text-editor:not(.elementor-drop-cap-view-default) .elementor-drop-cap-letter{width:1em;height:1em}.elementor-widget-text-editor .elementor-drop-cap{float:left;text-align:center;line-height:1;font-size:50px}.elementor-widget-text-editor .elementor-drop-cap-letter{display:inline-block}<\/style>\t\t\t\t<p>LE PREMIER DISPOSITIF DE S\u00c9CURIT\u00c9-ACTIVE<\/p>\t\t\t\t\t\t<\/div>\n\t\t\t\t<\/div>\n\t\t\t\t\t<\/div>\n\t\t<\/div>\n\t\t\t\t\t\t\t<\/div>\n\t\t<\/section>\n\t\t\t\t<section class=\"elementor-section elementor-top-section elementor-element elementor-element-34758e81 elementor-section-height-min-height elementor-section-items-top elementor-section-content-top elementor-section-boxed elementor-section-height-default\" data-id=\"34758e81\" data-element_type=\"section\">\n\t\t\t\t\t\t<div class=\"elementor-container elementor-column-gap-default\">\n\t\t\t\t\t<div class=\"elementor-column elementor-col-100 elementor-top-column elementor-element elementor-element-482728fd\" data-id=\"482728fd\" data-element_type=\"column\">\n\t\t\t<div class=\"elementor-widget-wrap elementor-element-populated\">\n\t\t\t\t\t\t\t\t<div class=\"elementor-element elementor-element-18cd5d69 elementor-invisible elementor-widget elementor-widget-text-editor\" data-id=\"18cd5d69\" data-element_type=\"widget\" data-settings=\"{&quot;_animation&quot;:&quot;fadeInRight&quot;}\" data-widget_type=\"text-editor.default\">\n\t\t\t\t<div class=\"elementor-widget-container\">\n\t\t\t\t\t\t\t<p><!-- wp:columns --><\/p>\n<div class=\"wp-block-columns\">\n<p><!-- wp:column {\"width\":\"100%\"} --><\/p>\n<div class=\"wp-block-column\" style=\"flex-basis: 100%;\">\n<p><!-- wp:paragraph {\"style\":{\"typography\":{\"fontStyle\":\"normal\",\"fontWeight\":\"100\"}},\"fontSize\":\"medium\"} --><\/p>\n<ul>\n<li class=\"has-medium-font-size\" style=\"font-style: normal; font-weight: 100;\">IMMOBILISE UN MALFAITEUR SANS LE BLESSER<\/li>\n<li class=\"has-medium-font-size\" style=\"font-style: normal; font-weight: 100;\">PERMET L&#8217;ARRESTATION EN FLAGRANT-D\u00c9LIT<\/li>\n<\/ul>\n<\/div>\n<\/div>\n<div class=\"wp-block-buttons\">\n<p><!-- \/wp:button --><\/p>\n<\/div>\n<p><!-- \/wp:buttons --><\/p>\t\t\t\t\t\t<\/div>\n\t\t\t\t<\/div>\n\t\t\t\t\t<\/div>\n\t\t<\/div>\n\t\t\t\t\t\t\t<\/div>\n\t\t<\/section>\n\t\t\t\t<section class=\"elementor-section elementor-top-section elementor-element elementor-element-b2652c7 elementor-section-boxed elementor-section-height-default elementor-section-height-default\" data-id=\"b2652c7\" data-element_type=\"section\">\n\t\t\t\t\t\t<div class=\"elementor-container elementor-column-gap-default\">\n\t\t\t\t\t<div class=\"elementor-column elementor-col-50 elementor-top-column elementor-element elementor-element-d91531c\" data-id=\"d91531c\" data-element_type=\"column\">\n\t\t\t<div class=\"elementor-widget-wrap elementor-element-populated\">\n\t\t\t\t\t\t\t\t<div class=\"elementor-element elementor-element-ed01ec0 elementor-invisible elementor-widget elementor-widget-text-editor\" data-id=\"ed01ec0\" data-element_type=\"widget\" data-settings=\"{&quot;_animation&quot;:&quot;fadeInLeft&quot;}\" data-widget_type=\"text-editor.default\">\n\t\t\t\t<div class=\"elementor-widget-container\">\n\t\t\t\t\t\t\t<p>Une solution in\u00e9dite<\/p>\t\t\t\t\t\t<\/div>\n\t\t\t\t<\/div>\n\t\t\t\t\t<\/div>\n\t\t<\/div>\n\t\t\t\t<div class=\"elementor-column elementor-col-50 elementor-top-column elementor-element elementor-element-da2265a\" data-id=\"da2265a\" data-element_type=\"column\">\n\t\t\t<div class=\"elementor-widget-wrap elementor-element-populated\">\n\t\t\t\t\t\t\t\t<div class=\"elementor-element elementor-element-65b3823 elementor-invisible elementor-widget elementor-widget-text-editor\" data-id=\"65b3823\" data-element_type=\"widget\" data-settings=\"{&quot;_animation&quot;:&quot;fadeInRight&quot;}\" data-widget_type=\"text-editor.default\">\n\t\t\t\t<div class=\"elementor-widget-container\">\n\t\t\t\t\t\t\t<p>Brevet WO2022049331<\/p>\t\t\t\t\t\t<\/div>\n\t\t\t\t<\/div>\n\t\t\t\t\t<\/div>\n\t\t<\/div>\n\t\t\t\t\t\t\t<\/div>\n\t\t<\/section>\n\t\t\t\t<section class=\"elementor-section elementor-top-section elementor-element elementor-element-3419abe elementor-section-boxed elementor-section-height-default elementor-section-height-default\" data-id=\"3419abe\" data-element_type=\"section\">\n\t\t\t\t\t\t<div class=\"elementor-container elementor-column-gap-default\">\n\t\t\t\t\t<div class=\"elementor-column elementor-col-100 elementor-top-column elementor-element elementor-element-a1ec198\" data-id=\"a1ec198\" data-element_type=\"column\">\n\t\t\t<div class=\"elementor-widget-wrap elementor-element-populated\">\n\t\t\t\t\t\t\t\t<div class=\"elementor-element elementor-element-81e0e6f elementor-invisible elementor-widget elementor-widget-text-editor\" data-id=\"81e0e6f\" data-element_type=\"widget\" data-settings=\"{&quot;_animation&quot;:&quot;fadeInLeft&quot;}\" data-widget_type=\"text-editor.default\">\n\t\t\t\t<div class=\"elementor-widget-container\">\n\t\t\t\t\t\t\t<p>R\u00e9alise un serrage progressif sur le membre de l\u2019individu immobilis\u00e9 et met hors d\u2019\u00e9tat de nuire sans douleur, contrairement aux tasers et Flash- ball.<\/p>\n<p>La pr\u00e9vention du vandalisme restait un probl\u00e8me sans r\u00e9ponse r\u00e9ellement efficiente de par le d\u00e9lai d\u2019intervention des agents, ainsi, une fois son forfait accompli ou apr\u00e8s une tentative avort\u00e9e, le contrevenant pouvait s\u2019enfuir.<\/p>\n<p>Le dispositif agit lui, concomitamment \u00e0 l\u2019infraction, permettant l\u2019arrestation imm\u00e9diate en flagrant-d\u00e9lit.<\/p>\n<p>La condamnation de l\u2019auteur des faits permet d\u2019envisager le remboursement du pr\u00e9judice moral et p\u00e9cuniaire (SARVI)<\/p>\t\t\t\t\t\t<\/div>\n\t\t\t\t<\/div>\n\t\t\t\t\t<\/div>\n\t\t<\/div>\n\t\t\t\t\t\t\t<\/div>\n\t\t<\/section>\n\t\t\t\t<section class=\"elementor-section elementor-top-section elementor-element elementor-element-bcab2eb elementor-section-boxed elementor-section-height-default elementor-section-height-default\" data-id=\"bcab2eb\" data-element_type=\"section\">\n\t\t\t\t\t\t<div class=\"elementor-container elementor-column-gap-default\">\n\t\t\t\t\t<div class=\"elementor-column elementor-col-100 elementor-top-column elementor-element elementor-element-b6871ca\" data-id=\"b6871ca\" data-element_type=\"column\">\n\t\t\t<div class=\"elementor-widget-wrap elementor-element-populated\">\n\t\t\t\t\t\t\t\t<div class=\"elementor-element elementor-element-b639876 animated-slow elementor-invisible elementor-widget elementor-widget-image\" data-id=\"b639876\" data-element_type=\"widget\" data-settings=\"{&quot;_animation&quot;:&quot;zoomIn&quot;,&quot;_animation_delay&quot;:100}\" data-widget_type=\"image.default\">\n\t\t\t\t<div class=\"elementor-widget-container\">\n\t\t\t<style>\/*! elementor - v3.6.5 - 27-04-2022 *\/\n.elementor-widget-image{text-align:center}.elementor-widget-image a{display:inline-block}.elementor-widget-image a img[src$=\".svg\"]{width:48px}.elementor-widget-image img{vertical-align:middle;display:inline-block}<\/style>\t\t\t\t\t\t\t\t\t\t\t\t<img loading=\"lazy\" decoding=\"async\" width=\"500\" height=\"249\" src=\"https:\/\/konyx.fr\/wp-content\/uploads\/2022\/11\/fixeACIERnotesFR.png\" class=\"attachment-large size-large\" alt=\"\" srcset=\"https:\/\/konyx.fr\/wp-content\/uploads\/2022\/11\/fixeACIERnotesFR.png 500w, https:\/\/konyx.fr\/wp-content\/uploads\/2022\/11\/fixeACIERnotesFR-300x149.png 300w, https:\/\/konyx.fr\/wp-content\/uploads\/2022\/11\/fixeACIERnotesFR-150x75.png 150w\" sizes=\"auto, 100vw\" \/>\t\t\t\t\t\t\t\t\t\t\t\t\t\t\t<\/div>\n\t\t\t\t<\/div>\n\t\t\t\t\t<\/div>\n\t\t<\/div>\n\t\t\t\t\t\t\t<\/div>\n\t\t<\/section>\n\t\t\t\t\t\t\t<\/div>\n\t\t","protected":false},"excerpt":{"rendered":"<p>LE PREMIER DISPOSITIF DE S\u00c9CURIT\u00c9-ACTIVE IMMOBILISE UN MALFAITEUR SANS LE BLESSER PERMET L&#8217;ARRESTATION EN FLAGRANT-D\u00c9LIT<\/p>\n","protected":false},"author":1,"featured_media":5,"parent":0,"menu_order":0,"comment_status":"closed","ping_status":"closed","template":"elementor_theme","meta":{"footnotes":""},"class_list":["post-10","page","type-page","status-publish","has-post-thumbnail","hentry"],"_links":{"self":[{"href":"https:\/\/konyx.fr\/index.php\/wp-json\/wp\/v2\/pages\/10","targetHints":{"allow":["GET"]}}],"collection":[{"href":"https:\/\/konyx.fr\/index.php\/wp-json\/wp\/v2\/pages"}],"about":[{"href":"https:\/\/konyx.fr\/index.php\/wp-json\/wp\/v2\/types\/page"}],"author":[{"embeddable":true,"href":"https:\/\/konyx.fr\/index.php\/wp-json\/wp\/v2\/users\/1"}],"replies":[{"embeddable":true,"href":"https:\/\/konyx.fr\/index.php\/wp-json\/wp\/v2\/comments?post=10"}],"version-history":[{"count":3,"href":"https:\/\/konyx.fr\/index.php\/wp-json\/wp\/v2\/pages\/10\/revisions"}],"predecessor-version":[{"id":1678,"href":"https:\/\/konyx.fr\/index.php\/wp-json\/wp\/v2\/pages\/10\/revisions\/1678"}],"wp:featuredmedia":[{"embeddable":true,"href":"https:\/\/konyx.fr\/index.php\/wp-json\/wp\/v2\/media\/5"}],"wp:attachment":[{"href":"https:\/\/konyx.fr\/index.php\/wp-json\/wp\/v2\/media?parent=10"}],"curies":[{"name":"wp","href":"https:\/\/api.w.org\/{rel}","templated":true}]}}